{"id":830,"date":"2010-09-29T17:19:39","date_gmt":"2010-09-29T20:19:39","guid":{"rendered":"http:\/\/www.closetonline.com.br\/blogcarla\/?page_id=830"},"modified":"2017-05-27T12:49:58","modified_gmt":"2017-05-27T15:49:58","slug":"paute-me","status":"publish","type":"page","link":"https:\/\/www.girosgourmet.com.br\/index.php\/paute-me\/","title":{"rendered":"Paute-me!"},"content":{"rendered":"<p>Quer indicar um lugar para um de nossos Giros?<br \/>\nGostaria de saber a minha opini\u00e3o sobre alguma coisa mas n\u00e3o tem como passar l\u00e1 em casa para um col\u00f3quio durante o ch\u00e1 da tarde?<br \/>\nN\u00e3o perca tempo e envie sua sugest\u00e3o, d\u00favida, coment\u00e1rio ou o que seja. Prometo que se for interessante refletirei, escreverei e publicarei &#8211; com cr\u00e9ditos!<br \/>\nN\u00e3o perca tempo, escreva para <a href=\"mailto:carlapalmieri@girosgourmet.com.br?Subject=PAUTE-ME\">carlapalmieri@girosgourmet.com.br<\/a>.<\/p>\n<iframe src=\"http:\/\/www.facebook.com\/plugins\/like.php?href=https:\/\/www.girosgourmet.com.br\/index.php\/paute-me\/&amp;layout=standard&amp;show_faces=1&amp;width=450&amp;action=like&amp;colorscheme=light&amp;font=\" scrolling=\"no\" frameborder=\"0\" style=\"border:none; overflow:hidden; width:450px; height:60px\"><\/iframe>","protected":false},"excerpt":{"rendered":"<p>Quer indicar um lugar para um de nossos Giros? Gostaria de saber a minha opini\u00e3o sobre alguma coisa mas n\u00e3o tem como passar l\u00e1 em casa para um col\u00f3quio durante o ch\u00e1 da tarde? N\u00e3o perca tempo e envie sua sugest\u00e3o, d\u00favida, coment\u00e1rio ou o que seja. Prometo que se [&hellip;]<\/p>\n","protected":false},"author":3,"featured_media":0,"parent":0,"menu_order":0,"comment_status":"closed","ping_status":"open","template":"","meta":{"footnotes":""},"class_list":["post-830","page","type-page","status-publish","hentry"],"_links":{"self":[{"href":"https:\/\/www.girosgourmet.com.br\/index.php\/wp-json\/wp\/v2\/pages\/830","targetHints":{"allow":["GET"]}}],"collection":[{"href":"https:\/\/www.girosgourmet.com.br\/index.php\/wp-json\/wp\/v2\/pages"}],"about":[{"href":"https:\/\/www.girosgourmet.com.br\/index.php\/wp-json\/wp\/v2\/types\/page"}],"author":[{"embeddable":true,"href":"https:\/\/www.girosgourmet.com.br\/index.php\/wp-json\/wp\/v2\/users\/3"}],"replies":[{"embeddable":true,"href":"https:\/\/www.girosgourmet.com.br\/index.php\/wp-json\/wp\/v2\/comments?post=830"}],"version-history":[{"count":16,"href":"https:\/\/www.girosgourmet.com.br\/index.php\/wp-json\/wp\/v2\/pages\/830\/revisions"}],"predecessor-version":[{"id":7591,"href":"https:\/\/www.girosgourmet.com.br\/index.php\/wp-json\/wp\/v2\/pages\/830\/revisions\/7591"}],"wp:attachment":[{"href":"https:\/\/www.girosgourmet.com.br\/index.php\/wp-json\/wp\/v2\/media?parent=830"}],"curies":[{"name":"wp","href":"https:\/\/api.w.org\/{rel}","templated":true}]}}